{"id":7019,"date":"2021-03-29T18:37:58","date_gmt":"2021-03-29T21:37:58","guid":{"rendered":"http:\/\/carlamago.com.br\/blog\/?page_id=7019"},"modified":"2021-03-29T19:36:06","modified_gmt":"2021-03-29T22:36:06","slug":"sketch-ante-projeto","status":"publish","type":"page","link":"https:\/\/carlamago.com.br\/blog\/?page_id=7019","title":{"rendered":"SKETCHES  &#8211;  CARLA"},"content":{"rendered":"\n<div class=\"wp-block-group\"><div class=\"wp-block-group__inner-container\">\n<h5><strong> ESPA\u00c7O HOL\u00cdSTICO &#8211; MOEMA<\/strong><\/h5>\n<\/div><\/div>\n\n\n\n<figure class=\"wp-block-gallery columns-3 is-cropped\"><ul class=\"blocks-gallery-grid\"><li class=\"blocks-gallery-item\"><figure><img loading=\"lazy\" width=\"1256\" height=\"832\" src=\"https:\/\/carlamago.com.br\/blog\/wp-content\/uploads\/2021\/03\/CAPA.jpg\" alt=\"\" data-id=\"7020\" data-link=\"https:\/\/carlamago.com.br\/blog\/?attachment_id=7020\" class=\"wp-image-7020\"\/><\/figure><\/li><li class=\"blocks-gallery-item\"><figure><img loading=\"lazy\" width=\"1078\" height=\"795\" src=\"https:\/\/carlamago.com.br\/blog\/wp-content\/uploads\/2021\/03\/VC-DECK3.jpg\" alt=\"\" data-id=\"7021\" data-link=\"https:\/\/carlamago.com.br\/blog\/?attachment_id=7021\" class=\"wp-image-7021\"\/><\/figure><\/li><li class=\"blocks-gallery-item\"><figure><img loading=\"lazy\" width=\"1276\" height=\"835\" src=\"https:\/\/carlamago.com.br\/blog\/wp-content\/uploads\/2021\/03\/VC-PRACA-DO-FOGO-E-PROJECAO.jpg\" alt=\"\" data-id=\"7022\" data-link=\"https:\/\/carlamago.com.br\/blog\/?attachment_id=7022\" class=\"wp-image-7022\"\/><\/figure><\/li><\/ul><\/figure>\n\n\n\n<div class=\"wp-block-group\"><div class=\"wp-block-group__inner-container\">\n<h5><strong>LOFT  &#8211; JD GUEDALA<\/strong><\/h5>\n<\/div><\/div>\n\n\n\n<figure class=\"wp-block-gallery columns-3 is-cropped\"><ul class=\"blocks-gallery-grid\"><li class=\"blocks-gallery-item\"><figure><img loading=\"lazy\" width=\"1204\" height=\"835\" src=\"https:\/\/carlamago.com.br\/blog\/wp-content\/uploads\/2021\/03\/quarto-carol.jpg\" alt=\"\" data-id=\"7023\" data-link=\"https:\/\/carlamago.com.br\/blog\/?attachment_id=7023\" class=\"wp-image-7023\"\/><\/figure><\/li><li class=\"blocks-gallery-item\"><figure><img loading=\"lazy\" width=\"498\" height=\"382\" src=\"https:\/\/carlamago.com.br\/blog\/wp-content\/uploads\/2021\/03\/Quarto1.jpg\" alt=\"\" data-id=\"7024\" data-link=\"https:\/\/carlamago.com.br\/blog\/?attachment_id=7024\" class=\"wp-image-7024\"\/><\/figure><\/li><li class=\"blocks-gallery-item\"><figure><img loading=\"lazy\" width=\"1204\" height=\"835\" src=\"https:\/\/carlamago.com.br\/blog\/wp-content\/uploads\/2021\/03\/vc9.jpg\" alt=\"\" data-id=\"7025\" data-link=\"https:\/\/carlamago.com.br\/blog\/?attachment_id=7025\" class=\"wp-image-7025\"\/><\/figure><\/li><li class=\"blocks-gallery-item\"><figure><img loading=\"lazy\" width=\"1204\" height=\"835\" src=\"https:\/\/carlamago.com.br\/blog\/wp-content\/uploads\/2021\/03\/vc11.jpg\" alt=\"\" data-id=\"7026\" data-link=\"https:\/\/carlamago.com.br\/blog\/?attachment_id=7026\" class=\"wp-image-7026\"\/><\/figure><\/li><li class=\"blocks-gallery-item\"><figure><img loading=\"lazy\" width=\"1204\" height=\"835\" src=\"https:\/\/carlamago.com.br\/blog\/wp-content\/uploads\/2021\/03\/vc19.jpg\" alt=\"\" data-id=\"7027\" data-link=\"https:\/\/carlamago.com.br\/blog\/?attachment_id=7027\" class=\"wp-image-7027\"\/><\/figure><\/li><li class=\"blocks-gallery-item\"><figure><img loading=\"lazy\" width=\"1204\" height=\"835\" src=\"https:\/\/carlamago.com.br\/blog\/wp-content\/uploads\/2021\/03\/vc20.jpg\" alt=\"\" data-id=\"7028\" data-link=\"https:\/\/carlamago.com.br\/blog\/?attachment_id=7028\" class=\"wp-image-7028\"\/><\/figure><\/li><\/ul><\/figure>\n\n\n\n<h5><strong>REFORMA<\/strong> <strong>ESPA\u00c7O YOGA &#8211; PINHEIROS em parceria com Beto Boaretto<\/strong><\/h5>\n\n\n\n<figure class=\"wp-block-gallery columns-3 is-cropped\"><ul class=\"blocks-gallery-grid\"><li class=\"blocks-gallery-item\"><figure><img loading=\"lazy\" width=\"1143\" height=\"769\" src=\"https:\/\/carlamago.com.br\/blog\/wp-content\/uploads\/2021\/03\/Fachada.jpg\" alt=\"\" data-id=\"7029\" data-link=\"https:\/\/carlamago.com.br\/blog\/?attachment_id=7029\" class=\"wp-image-7029\"\/><\/figure><\/li><li class=\"blocks-gallery-item\"><figure><img loading=\"lazy\" width=\"1208\" height=\"815\" src=\"https:\/\/carlamago.com.br\/blog\/wp-content\/uploads\/2021\/03\/loja-Gam.jpg\" alt=\"\" data-id=\"7030\" data-link=\"https:\/\/carlamago.com.br\/blog\/?attachment_id=7030\" class=\"wp-image-7030\"\/><\/figure><\/li><li class=\"blocks-gallery-item\"><figure><img loading=\"lazy\" width=\"1094\" height=\"788\" src=\"https:\/\/carlamago.com.br\/blog\/wp-content\/uploads\/2021\/03\/yoga-2.jpg\" alt=\"\" data-id=\"7031\" data-link=\"https:\/\/carlamago.com.br\/blog\/?attachment_id=7031\" class=\"wp-image-7031\"\/><\/figure><\/li><\/ul><\/figure>\n\n\n\n<h5><strong>REFORMA CASA &#8211; OSASCO<\/strong><\/h5>\n\n\n\n<figure class=\"wp-block-gallery columns-3 is-cropped\"><ul class=\"blocks-gallery-grid\"><li class=\"blocks-gallery-item\"><figure><img loading=\"lazy\" width=\"1190\" height=\"844\" src=\"https:\/\/carlamago.com.br\/blog\/wp-content\/uploads\/2021\/03\/Bem-Vindo.bmp\" alt=\"\" data-id=\"7038\" data-link=\"https:\/\/carlamago.com.br\/blog\/?attachment_id=7038\" class=\"wp-image-7038\"\/><\/figure><\/li><li class=\"blocks-gallery-item\"><figure><img loading=\"lazy\" width=\"1208\" height=\"839\" src=\"https:\/\/carlamago.com.br\/blog\/wp-content\/uploads\/2021\/03\/CORREDOR.jpg\" alt=\"\" data-id=\"7039\" data-link=\"https:\/\/carlamago.com.br\/blog\/?attachment_id=7039\" class=\"wp-image-7039\"\/><\/figure><\/li><li class=\"blocks-gallery-item\"><figure><img loading=\"lazy\" width=\"1160\" height=\"833\" src=\"https:\/\/carlamago.com.br\/blog\/wp-content\/uploads\/2021\/03\/Integracao-Sala-Lazer.bmp\" alt=\"\" data-id=\"7040\" data-link=\"https:\/\/carlamago.com.br\/blog\/?attachment_id=7040\" class=\"wp-image-7040\"\/><\/figure><\/li><li class=\"blocks-gallery-item\"><figure><img loading=\"lazy\" width=\"1080\" height=\"761\" src=\"https:\/\/carlamago.com.br\/blog\/wp-content\/uploads\/2021\/03\/ANTES.jpg\" alt=\"\" data-id=\"7042\" data-link=\"https:\/\/carlamago.com.br\/blog\/?attachment_id=7042\" class=\"wp-image-7042\"\/><figcaption class=\"blocks-gallery-item__caption\">ANTES<\/figcaption><\/figure><\/li><li class=\"blocks-gallery-item\"><figure><img loading=\"lazy\" width=\"1199\" height=\"521\" src=\"https:\/\/carlamago.com.br\/blog\/wp-content\/uploads\/2021\/03\/Fachada-1.jpg\" alt=\"\" data-id=\"7041\" data-link=\"https:\/\/carlamago.com.br\/blog\/?attachment_id=7041\" class=\"wp-image-7041\"\/><figcaption class=\"blocks-gallery-item__caption\">DEPOIS<\/figcaption><\/figure><\/li><\/ul><\/figure>\n\n\n\n<h5><strong>ESCRIT\u00d3RIO DE ADVOCACIA<\/strong><\/h5>\n\n\n\n<figure class=\"wp-block-gallery columns-3 is-cropped\"><ul class=\"blocks-gallery-grid\"><li class=\"blocks-gallery-item\"><figure><img loading=\"lazy\" width=\"1027\" height=\"738\" src=\"https:\/\/carlamago.com.br\/blog\/wp-content\/uploads\/2021\/03\/vista-12.jpg\" alt=\"\" data-id=\"7045\" data-link=\"https:\/\/carlamago.com.br\/blog\/?attachment_id=7045\" class=\"wp-image-7045\"\/><\/figure><\/li><li class=\"blocks-gallery-item\"><figure><img loading=\"lazy\" width=\"1204\" height=\"759\" src=\"https:\/\/carlamago.com.br\/blog\/wp-content\/uploads\/2021\/03\/vista-4.jpg\" alt=\"\" data-id=\"7050\" data-link=\"https:\/\/carlamago.com.br\/blog\/?attachment_id=7050\" class=\"wp-image-7050\"\/><\/figure><\/li><li class=\"blocks-gallery-item\"><figure><img loading=\"lazy\" width=\"1204\" height=\"759\" src=\"https:\/\/carlamago.com.br\/blog\/wp-content\/uploads\/2021\/03\/vista-9.jpg\" alt=\"\" data-id=\"7044\" data-link=\"https:\/\/carlamago.com.br\/blog\/?attachment_id=7044\" class=\"wp-image-7044\"\/><\/figure><\/li><\/ul><\/figure>\n\n\n\n<p><\/p>\n","protected":false},"excerpt":{"rendered":"<p>ESPA\u00c7O HOL\u00cdSTICO &#8211; MOEMA LOFT &#8211; JD GUEDALA REFORMA ESPA\u00c7O YOGA &#8211; PINHEIROS em parceria com Beto Boaretto REFORMA CASA &#8211; OSASCO ESCRIT\u00d3RIO DE ADVOCACIA<\/p>\n","protected":false},"author":2,"featured_media":0,"parent":0,"menu_order":0,"comment_status":"closed","ping_status":"closed","template":"","meta":[],"_links":{"self":[{"href":"https:\/\/carlamago.com.br\/blog\/index.php?rest_route=\/wp\/v2\/pages\/7019"}],"collection":[{"href":"https:\/\/carlamago.com.br\/blog\/index.php?rest_route=\/wp\/v2\/pages"}],"about":[{"href":"https:\/\/carlamago.com.br\/blog\/index.php?rest_route=\/wp\/v2\/types\/page"}],"author":[{"embeddable":true,"href":"https:\/\/carlamago.com.br\/blog\/index.php?rest_route=\/wp\/v2\/users\/2"}],"replies":[{"embeddable":true,"href":"https:\/\/carlamago.com.br\/blog\/index.php?rest_route=%2Fwp%2Fv2%2Fcomments&post=7019"}],"version-history":[{"count":9,"href":"https:\/\/carlamago.com.br\/blog\/index.php?rest_route=\/wp\/v2\/pages\/7019\/revisions"}],"predecessor-version":[{"id":7051,"href":"https:\/\/carlamago.com.br\/blog\/index.php?rest_route=\/wp\/v2\/pages\/7019\/revisions\/7051"}],"wp:attachment":[{"href":"https:\/\/carlamago.com.br\/blog\/index.php?rest_route=%2Fwp%2Fv2%2Fmedia&parent=7019"}],"curies":[{"name":"wp","href":"https:\/\/api.w.org\/{rel}","templated":true}]}}